{"id":2158,"date":"2024-03-06T11:26:46","date_gmt":"2024-03-06T11:26:46","guid":{"rendered":"https:\/\/www.groupebonnefon.com\/contact\/"},"modified":"2024-04-04T08:18:54","modified_gmt":"2024-04-04T08:18:54","slug":"contact","status":"publish","type":"page","link":"https:\/\/www.groupebonnefon.com\/en\/contact\/","title":{"rendered":"Contact"},"content":{"rendered":"\t\t<div data-elementor-type=\"wp-page\" data-elementor-id=\"2158\" class=\"elementor elementor-2158 elementor-297\">\n\t\t\t\t<div class=\"elementor-element elementor-element-7638761 e-con-full e-flex e-con e-parent\" data-id=\"7638761\" data-element_type=\"container\">\n\t\t<div class=\"elementor-element elementor-element-5f47830 e-con-full e-flex e-con e-child\" data-id=\"5f47830\" data-element_type=\"container\">\n\t\t\t\t<div class=\"elementor-element elementor-element-dca3e3a elementor-widget__width-inherit elementor-widget elementor-widget-image\" data-id=\"dca3e3a\" data-element_type=\"widget\" data-widget_type=\"image.default\">\n\t\t\t\t<div class=\"elementor-widget-container\">\n\t\t\t<style>\/*! elementor - v3.21.0 - 26-05-2024 *\/\n.elementor-widget-image{text-align:center}.elementor-widget-image a{display:inline-block}.elementor-widget-image a img[src$=\".svg\"]{width:48px}.elementor-widget-image img{vertical-align:middle;display:inline-block}<\/style>\t\t\t\t\t\t\t\t\t\t<img fetchpriority=\"high\" decoding=\"async\" width=\"2560\" height=\"477\" src=\"https:\/\/www.groupebonnefon.com\/app\/uploads\/2024\/04\/Banniere-nos-societes_Plan-de-travail-1-copie-10-scaled-1.webp\" class=\"attachment-full size-full wp-image-2641\" alt=\"\" srcset=\"https:\/\/www.groupebonnefon.com\/app\/uploads\/2024\/04\/Banniere-nos-societes_Plan-de-travail-1-copie-10-scaled-1.webp 2560w, https:\/\/www.groupebonnefon.com\/app\/uploads\/2024\/04\/Banniere-nos-societes_Plan-de-travail-1-copie-10-scaled-1-300x56.webp 300w, https:\/\/www.groupebonnefon.com\/app\/uploads\/2024\/04\/Banniere-nos-societes_Plan-de-travail-1-copie-10-scaled-1-1024x191.webp 1024w, https:\/\/www.groupebonnefon.com\/app\/uploads\/2024\/04\/Banniere-nos-societes_Plan-de-travail-1-copie-10-scaled-1-768x143.webp 768w, https:\/\/www.groupebonnefon.com\/app\/uploads\/2024\/04\/Banniere-nos-societes_Plan-de-travail-1-copie-10-scaled-1-1536x286.webp 1536w, https:\/\/www.groupebonnefon.com\/app\/uploads\/2024\/04\/Banniere-nos-societes_Plan-de-travail-1-copie-10-scaled-1-2048x382.webp 2048w, https:\/\/www.groupebonnefon.com\/app\/uploads\/2024\/04\/Banniere-nos-societes_Plan-de-travail-1-copie-10-scaled-1-317x59.webp 317w\" sizes=\"(max-width: 2560px) 100vw, 2560px\" \/>\t\t\t\t\t\t\t\t\t\t\t\t\t<\/div>\n\t\t\t\t<\/div>\n\t\t\t\t<\/div>\n\t\t<div class=\"elementor-element elementor-element-209560a e-con-full elementor-hidden-tablet e-flex e-con e-child\" data-id=\"209560a\" data-element_type=\"container\" data-settings=\"{&quot;background_background&quot;:&quot;classic&quot;}\">\n\t\t\t\t<\/div>\n\t\t<div class=\"elementor-element elementor-element-7350c3f e-flex e-con-boxed e-con e-child\" data-id=\"7350c3f\" data-element_type=\"container\">\n\t\t\t\t\t<div class=\"e-con-inner\">\n\t\t\t\t<div class=\"elementor-element elementor-element-e399ed7 elementor-widget elementor-widget-bonnefon-title\" data-id=\"e399ed7\" data-element_type=\"widget\" data-widget_type=\"bonnefon-title.default\">\n\t\t\t\t<div class=\"elementor-widget-container\">\n\t\t\t<div class=\"text-center\">\n                <h1 class=\"text-black font-extrabold text-25 md:text-32 uppercase\">\n                Contact us\n            <\/h1>\n                <img decoding=\"async\" src=\"https:\/\/www.groupebonnefon.com\/app\/themes\/groupe-bonnefon\/public\/images\/svg\/title-underline.46eb42.svg\" alt=\"Underline\" class=\"mx-auto mt-2.5\">\n<\/div>\n\t\t<\/div>\n\t\t\t\t<\/div>\n\t\t\t\t\t<\/div>\n\t\t\t\t<\/div>\n\t\t\t\t<\/div>\n\t\t<div class=\"elementor-element elementor-element-41da0c7 e-flex e-con-boxed e-con e-parent\" data-id=\"41da0c7\" data-element_type=\"container\">\n\t\t\t\t\t<div class=\"e-con-inner\">\n\t\t\t\t<div class=\"elementor-element elementor-element-e6c5670 elementor-widget elementor-widget-bonnefon-contact-form\" data-id=\"e6c5670\" data-element_type=\"widget\" data-widget_type=\"bonnefon-contact-form.default\">\n\t\t\t\t<div class=\"elementor-widget-container\">\n\t\t\t<div class=\"flex gap-20 lg:gap-32 max-lg:flex-col max-lg:items-center\">\n    <div class=\"max-w-[425px] h-fit w-full lg:pt-40\">\n            <div class=\"text-25 sm:text-32 font-extrabold\">13, rue du Moulin Cass\u00e9<\/div>\n            <div class=\"text-25 sm:text-32 font-extrabold text-gray\">44340 Bouguenais<\/div>\n\n            <div class=\"text-20 sm:text-25 font-bold mt-8\">T\u00e9l. 02 40 75 63 83<\/div>\n            <div class=\"text-20 sm:text-25 font-bold mt-2\">contact@groupebonnefon.com<\/div>\n\n            <p class=\"text-14 text-gray font-semibold mt-8\">Our teams are available to meet you welding and fume extraction needs. Contact us by phone or via our contact form!<\/p>\n    <\/div>\n\n    <div id=\"cf7-contact-form\" class=\"w-full\">\n        \n<div class=\"wpcf7 no-js\" id=\"wpcf7-f296-o1\" lang=\"en-US\" dir=\"ltr\">\n<div class=\"screen-reader-response\"><p role=\"status\" aria-live=\"polite\" aria-atomic=\"true\"><\/p> <ul><\/ul><\/div>\n<form action=\"\/en\/wp-json\/wp\/v2\/pages\/2158#wpcf7-f296-o1\" method=\"post\" class=\"wpcf7-form init\" aria-label=\"Contact form\" novalidate=\"novalidate\" data-status=\"init\">\n<div style=\"display: none;\">\n<input type=\"hidden\" name=\"_wpcf7\" value=\"296\" \/>\n<input type=\"hidden\" name=\"_wpcf7_version\" value=\"5.9.5\" \/>\n<input type=\"hidden\" name=\"_wpcf7_locale\" value=\"en_US\" \/>\n<input type=\"hidden\" name=\"_wpcf7_unit_tag\" value=\"wpcf7-f296-o1\" \/>\n<input type=\"hidden\" name=\"_wpcf7_container_post\" value=\"0\" \/>\n<input type=\"hidden\" name=\"_wpcf7_posted_data_hash\" value=\"\" \/>\n<input type=\"hidden\" name=\"_wpcf7_recaptcha_response\" value=\"\" \/>\n<\/div>\n<p><span class=\"wpcf7-form-control-wrap\" data-name=\"company-name\"><input size=\"40\" class=\"wpcf7-form-control wpcf7-text wpcf7-validates-as-required\" aria-required=\"true\" aria-invalid=\"false\" placeholder=\"Company name *\" value=\"\" type=\"text\" name=\"company-name\" \/><\/span>\n<span class=\"wpcf7-form-control-wrap\" data-name=\"last-name\"><input size=\"40\" class=\"wpcf7-form-control wpcf7-text wpcf7-validates-as-required\" aria-required=\"true\" aria-invalid=\"false\" placeholder=\"Last name *\" value=\"\" type=\"text\" name=\"last-name\" \/><\/span>\n<span class=\"wpcf7-form-control-wrap\" data-name=\"first-name\"><input size=\"40\" class=\"wpcf7-form-control wpcf7-text wpcf7-validates-as-required\" aria-required=\"true\" aria-invalid=\"false\" placeholder=\"First name *\" value=\"\" type=\"text\" name=\"first-name\" \/><\/span>\n<span class=\"wpcf7-form-control-wrap\" data-name=\"function\"><input size=\"40\" class=\"wpcf7-form-control wpcf7-text wpcf7-validates-as-required\" aria-required=\"true\" aria-invalid=\"false\" placeholder=\"Function *\" value=\"\" type=\"text\" name=\"function\" \/><\/span>\n<span class=\"wpcf7-form-control-wrap\" data-name=\"phone\"><input size=\"40\" class=\"wpcf7-form-control wpcf7-tel wpcf7-validates-as-required wpcf7-text wpcf7-validates-as-tel\" autocomplete=\"tel\" aria-required=\"true\" aria-invalid=\"false\" placeholder=\"Phone number *\" value=\"\" type=\"tel\" name=\"phone\" \/><\/span>\n<span class=\"wpcf7-form-control-wrap\" data-name=\"email\"><input size=\"40\" class=\"wpcf7-form-control wpcf7-email wpcf7-validates-as-required wpcf7-text wpcf7-validates-as-email\" autocomplete=\"email\" aria-required=\"true\" aria-invalid=\"false\" placeholder=\"Mail address *\" value=\"\" type=\"email\" name=\"email\" \/><\/span>\n<span class=\"wpcf7-form-control-wrap\" data-name=\"message\"><textarea cols=\"40\" rows=\"10\" class=\"wpcf7-form-control wpcf7-textarea wpcf7-validates-as-required\" aria-required=\"true\" aria-invalid=\"false\" placeholder=\"Message *\" name=\"message\"><\/textarea><\/span>\n<\/p>\n<div>\n\t<p><button type=\"submit\" class=\"wpcf7-submit group\">\nSend a message\n<span class=\"group-hover:transform group-hover:translate-x-1 transition\">\n<svg width=\"30\" height=\"12\" viewBox=\"0 0 30 12\" fill=\"none\" xmlns=\"http:\/\/www.w3.org\/2000\/svg\">\n<path d=\"M1.75 6V6\" stroke=\"white\" stroke-width=\"2.5\" stroke-linecap=\"round\" stroke-linejoin=\"round\"\/>\n<path d=\"M6.25 6H5.75\" stroke=\"white\" stroke-width=\"2.5\" stroke-linecap=\"round\" stroke-linejoin=\"round\"\/>\n<path d=\"M10.25 6L28.25 6M28.25 6L22.4 1.5M28.25 6L22.4 10.5\" stroke=\"white\" stroke-width=\"2.5\" stroke-linecap=\"round\" stroke-linejoin=\"round\"\/>\n<\/svg>\n<\/span>\n<\/button>\n\t<\/p>\n<\/div><div class=\"wpcf7-response-output\" aria-hidden=\"true\"><\/div>\n<\/form>\n<\/div>\n\n    <\/div>\n<\/div>\n\t\t<\/div>\n\t\t\t\t<\/div>\n\t\t\t\t<div class=\"elementor-element elementor-element-f93224f elementor-widget elementor-widget-spacer\" data-id=\"f93224f\" data-element_type=\"widget\" data-widget_type=\"spacer.default\">\n\t\t\t\t<div class=\"elementor-widget-container\">\n\t\t\t<style>\/*! elementor - v3.21.0 - 26-05-2024 *\/\n.elementor-column .elementor-spacer-inner{height:var(--spacer-size)}.e-con{--container-widget-width:100%}.e-con-inner>.elementor-widget-spacer,.e-con>.elementor-widget-spacer{width:var(--container-widget-width,var(--spacer-size));--align-self:var(--container-widget-align-self,initial);--flex-shrink:0}.e-con-inner>.elementor-widget-spacer>.elementor-widget-container,.e-con>.elementor-widget-spacer>.elementor-widget-container{height:100%;width:100%}.e-con-inner>.elementor-widget-spacer>.elementor-widget-container>.elementor-spacer,.e-con>.elementor-widget-spacer>.elementor-widget-container>.elementor-spacer{height:100%}.e-con-inner>.elementor-widget-spacer>.elementor-widget-container>.elementor-spacer>.elementor-spacer-inner,.e-con>.elementor-widget-spacer>.elementor-widget-container>.elementor-spacer>.elementor-spacer-inner{height:var(--container-widget-height,var(--spacer-size))}.e-con-inner>.elementor-widget-spacer.elementor-widget-empty,.e-con>.elementor-widget-spacer.elementor-widget-empty{position:relative;min-height:22px;min-width:22px}.e-con-inner>.elementor-widget-spacer.elementor-widget-empty .elementor-widget-empty-icon,.e-con>.elementor-widget-spacer.elementor-widget-empty .elementor-widget-empty-icon{position:absolute;top:0;bottom:0;left:0;right:0;margin:auto;padding:0;width:22px;height:22px}<\/style>\t\t<div class=\"elementor-spacer\">\n\t\t\t<div class=\"elementor-spacer-inner\"><\/div>\n\t\t<\/div>\n\t\t\t\t<\/div>\n\t\t\t\t<\/div>\n\t\t\t\t<div class=\"elementor-element elementor-element-eeaccaf elementor-widget elementor-widget-bonnefon-title\" data-id=\"eeaccaf\" data-element_type=\"widget\" data-widget_type=\"bonnefon-title.default\">\n\t\t\t\t<div class=\"elementor-widget-container\">\n\t\t\t<div class=\"text-center\">\n                <h2 class=\"text-black font-extrabold text-25\">\n                Our institutional partners\n            <\/h2>\n                <img decoding=\"async\" src=\"https:\/\/www.groupebonnefon.com\/app\/themes\/groupe-bonnefon\/public\/images\/svg\/title-underline.46eb42.svg\" alt=\"Underline\" class=\"mx-auto mt-2.5\">\n<\/div>\n\t\t<\/div>\n\t\t\t\t<\/div>\n\t\t<div class=\"elementor-element elementor-element-b5519d1 e-con-full e-flex e-con e-child\" data-id=\"b5519d1\" data-element_type=\"container\">\n\t\t\t\t<div class=\"elementor-element elementor-element-dd963f8 elementor-widget__width-inherit elementor-widget elementor-widget-bonnefon-contact-partner\" data-id=\"dd963f8\" data-element_type=\"widget\" data-widget_type=\"bonnefon-contact-partner.default\">\n\t\t\t\t<div class=\"elementor-widget-container\">\n\t\t\t<div class=\"grid grid-cols-2 sm:grid-cols-3 lg:grid-cols-6\">\n            <div class=\"border border-light px-3 py-5 grid place-content-center\">\n                            <img decoding=\"async\" src=\"https:\/\/www.groupebonnefon.com\/app\/uploads\/2024\/03\/logo_evolis-01.webp\" alt=\"Evolis\" class=\"!h-[44px] w-auto\">\n                    <\/div>\n            <div class=\"border border-light px-3 py-5 grid place-content-center\">\n                            <img decoding=\"async\" src=\"https:\/\/www.groupebonnefon.com\/app\/uploads\/2024\/03\/Logo-Institut-de-Soudure-Groupe.webp\" alt=\"Institut de soudure Groupe\" class=\"!h-[44px] w-auto\">\n                    <\/div>\n            <div class=\"border border-light px-3 py-5 grid place-content-center\">\n                            <img decoding=\"async\" src=\"https:\/\/www.groupebonnefon.com\/app\/uploads\/2024\/03\/logo-fFFQ.webp\" alt=\"FFQ - F\u00e9d\u00e9ration fran\u00e7aise de la quincaillerie et fourniture industrielle\" class=\"!h-[44px] w-auto\">\n                    <\/div>\n            <div class=\"border border-light px-3 py-5 grid place-content-center\">\n                            <img decoding=\"async\" src=\"https:\/\/www.groupebonnefon.com\/app\/uploads\/2024\/03\/logo-CCI-PAYS-DE-LA-LOIRE.webp\" alt=\"CCI Pays de la Loire\" class=\"!h-[44px] w-auto\">\n                    <\/div>\n            <div class=\"border border-light px-3 py-5 grid place-content-center\">\n                            <img decoding=\"async\" src=\"https:\/\/www.groupebonnefon.com\/app\/uploads\/2024\/03\/Logo_Bpifrance.webp\" alt=\"Bpi France\" class=\"!h-[44px] w-auto\">\n                    <\/div>\n            <div class=\"border border-light px-3 py-5 grid place-content-center\">\n                            <img decoding=\"async\" src=\"https:\/\/www.groupebonnefon.com\/app\/uploads\/2024\/03\/Logo_ISO_9001-scaled.webp\" alt=\"ISO 9001\" class=\"!h-[44px] w-auto\">\n                    <\/div>\n    <\/div>\n\t\t<\/div>\n\t\t\t\t<\/div>\n\t\t\t\t<div class=\"elementor-element elementor-element-c1bf0de elementor-widget__width-inherit elementor-widget elementor-widget-bonnefon-contact-partner\" data-id=\"c1bf0de\" data-element_type=\"widget\" data-widget_type=\"bonnefon-contact-partner.default\">\n\t\t\t\t<div class=\"elementor-widget-container\">\n\t\t\t<div class=\"grid grid-cols-2 sm:grid-cols-3 lg:grid-cols-6\">\n            <div class=\"border border-light px-3 py-5 grid place-content-center\">\n                            <img decoding=\"async\" src=\"https:\/\/www.groupebonnefon.com\/app\/uploads\/2024\/04\/logo-Team-France-Export.webp\" alt=\"Team France Export\" class=\"!h-[44px] w-auto\">\n                    <\/div>\n            <div class=\"border border-light px-3 py-5 grid place-content-center\">\n                            <img decoding=\"async\" src=\"https:\/\/www.groupebonnefon.com\/app\/uploads\/2024\/04\/logo-ewa-scaled-1.webp\" alt=\"EWA - European welding association\" class=\"!h-[44px] w-auto\">\n                    <\/div>\n            <div class=\"border border-light px-3 py-5 grid place-content-center\">\n                            <img decoding=\"async\" src=\"https:\/\/www.groupebonnefon.com\/app\/uploads\/2024\/04\/logo-IOC_-1.webp\" alt=\"IOC - International \" class=\"!h-[44px] w-auto\">\n                    <\/div>\n            <div class=\"border border-light px-3 py-5 grid place-content-center\">\n                            <img decoding=\"async\" src=\"https:\/\/www.groupebonnefon.com\/app\/uploads\/2024\/04\/Logo-DVS.webp\" alt=\"DVS VERBAND\" class=\"!h-[44px] w-auto\">\n                    <\/div>\n            <div class=\"border border-light px-3 py-5 grid place-content-center\">\n                            <img decoding=\"async\" src=\"https:\/\/www.groupebonnefon.com\/app\/uploads\/2024\/04\/Logo_VDMA.webp\" alt=\"VDMA\" class=\"!h-[44px] w-auto\">\n                    <\/div>\n    <\/div>\n\t\t<\/div>\n\t\t\t\t<\/div>\n\t\t\t\t<\/div>\n\t\t\t\t\t<\/div>\n\t\t\t\t<\/div>\n\t\t<div class=\"elementor-element elementor-element-630cdde e-con-full elementor-hidden-tablet e-flex e-con e-parent\" data-id=\"630cdde\" data-element_type=\"container\" data-settings=\"{&quot;background_background&quot;:&quot;classic&quot;}\">\n\t\t\t\t<div class=\"elementor-element elementor-element-a150e17 elementor-widget__width-inherit elementor-widget elementor-widget-image\" data-id=\"a150e17\" data-element_type=\"widget\" data-widget_type=\"image.default\">\n\t\t\t\t<div class=\"elementor-widget-container\">\n\t\t\t\t\t\t\t\t\t\t\t\t\t<img decoding=\"async\" width=\"1806\" height=\"517\" src=\"https:\/\/www.groupebonnefon.com\/app\/uploads\/2024\/04\/Plan-de-travail-1ploik-1.webp\" class=\"attachment-full size-full wp-image-2643\" alt=\"\" srcset=\"https:\/\/www.groupebonnefon.com\/app\/uploads\/2024\/04\/Plan-de-travail-1ploik-1.webp 1806w, https:\/\/www.groupebonnefon.com\/app\/uploads\/2024\/04\/Plan-de-travail-1ploik-1-300x86.webp 300w, https:\/\/www.groupebonnefon.com\/app\/uploads\/2024\/04\/Plan-de-travail-1ploik-1-1024x293.webp 1024w, https:\/\/www.groupebonnefon.com\/app\/uploads\/2024\/04\/Plan-de-travail-1ploik-1-768x220.webp 768w, https:\/\/www.groupebonnefon.com\/app\/uploads\/2024\/04\/Plan-de-travail-1ploik-1-1536x440.webp 1536w, https:\/\/www.groupebonnefon.com\/app\/uploads\/2024\/04\/Plan-de-travail-1ploik-1-206x59.webp 206w\" sizes=\"(max-width: 1806px) 100vw, 1806px\" \/>\t\t\t\t\t\t\t\t\t\t\t\t\t<\/div>\n\t\t\t\t<\/div>\n\t\t\t\t<\/div>\n\t\t\t\t<\/div>\n\t\t","protected":false},"excerpt":{"rendered":"<p>Contact us 13, rue du Moulin Cass\u00e9 44340 Bouguenais T\u00e9l. 02 40 75 63 83 contact@groupebonnefon.com Our teams are available to meet you welding and fume extraction needs. Contact us by phone or via our contact form! Send a message Our institutional partners<\/p>\n","protected":false},"author":1,"featured_media":0,"parent":0,"menu_order":0,"comment_status":"closed","ping_status":"closed","template":"","meta":{"_acf_changed":false,"footnotes":""},"acf":[],"yoast_head":"<!-- This site is optimized with the Yoast SEO plugin v22.8 - https:\/\/yoast.com\/wordpress\/plugins\/seo\/ -->\n<title>Contact us | GROUPE BONNEFON<\/title>\n<meta name=\"description\" content=\"You can contact us on 02 40 75 63 83. GROUPE BONNEOFN, ZAC du Moulin Cass\u00e9 - 13 Rue du Moulin Cass\u00e9, 44340 Bouguenais\" \/>\n<meta name=\"robots\" content=\"index, follow, max-snippet:-1, max-image-preview:large, max-video-preview:-1\" \/>\n<link rel=\"canonical\" href=\"https:\/\/www.groupebonnefon.com\/en\/contact\/\" \/>\n<meta property=\"og:locale\" content=\"en_US\" \/>\n<meta property=\"og:type\" content=\"article\" \/>\n<meta property=\"og:title\" content=\"Contact us | GROUPE BONNEFON\" \/>\n<meta property=\"og:description\" content=\"You can contact us on 02 40 75 63 83. GROUPE BONNEOFN, ZAC du Moulin Cass\u00e9 - 13 Rue du Moulin Cass\u00e9, 44340 Bouguenais\" \/>\n<meta property=\"og:url\" content=\"https:\/\/www.groupebonnefon.com\/en\/contact\/\" \/>\n<meta property=\"og:site_name\" content=\"GROUPE BONNEFON\" \/>\n<meta property=\"article:modified_time\" content=\"2024-04-04T08:18:54+00:00\" \/>\n<meta property=\"og:image\" content=\"https:\/\/www.groupebonnefon.com\/app\/uploads\/2024\/04\/Banniere-nos-societes_Plan-de-travail-1-copie-10-scaled-1.webp\" \/>\n<meta name=\"twitter:card\" content=\"summary_large_image\" \/>\n<meta name=\"twitter:label1\" content=\"Est. reading time\" \/>\n\t<meta name=\"twitter:data1\" content=\"4 minutes\" \/>\n<script type=\"application\/ld+json\" class=\"yoast-schema-graph\">{\"@context\":\"https:\/\/schema.org\",\"@graph\":[{\"@type\":\"WebPage\",\"@id\":\"https:\/\/www.groupebonnefon.com\/en\/contact\/\",\"url\":\"https:\/\/www.groupebonnefon.com\/en\/contact\/\",\"name\":\"Contact us | GROUPE BONNEFON\",\"isPartOf\":{\"@id\":\"https:\/\/www.groupebonnefon.com\/en\/#website\"},\"primaryImageOfPage\":{\"@id\":\"https:\/\/www.groupebonnefon.com\/en\/contact\/#primaryimage\"},\"image\":{\"@id\":\"https:\/\/www.groupebonnefon.com\/en\/contact\/#primaryimage\"},\"thumbnailUrl\":\"https:\/\/www.groupebonnefon.com\/app\/uploads\/2024\/04\/Banniere-nos-societes_Plan-de-travail-1-copie-10-scaled-1.webp\",\"datePublished\":\"2024-03-06T11:26:46+00:00\",\"dateModified\":\"2024-04-04T08:18:54+00:00\",\"description\":\"You can contact us on 02 40 75 63 83. GROUPE BONNEOFN, ZAC du Moulin Cass\u00e9 - 13 Rue du Moulin Cass\u00e9, 44340 Bouguenais\",\"breadcrumb\":{\"@id\":\"https:\/\/www.groupebonnefon.com\/en\/contact\/#breadcrumb\"},\"inLanguage\":\"en-US\",\"potentialAction\":[{\"@type\":\"ReadAction\",\"target\":[\"https:\/\/www.groupebonnefon.com\/en\/contact\/\"]}]},{\"@type\":\"ImageObject\",\"inLanguage\":\"en-US\",\"@id\":\"https:\/\/www.groupebonnefon.com\/en\/contact\/#primaryimage\",\"url\":\"https:\/\/www.groupebonnefon.com\/app\/uploads\/2024\/04\/Banniere-nos-societes_Plan-de-travail-1-copie-10-scaled-1.webp\",\"contentUrl\":\"https:\/\/www.groupebonnefon.com\/app\/uploads\/2024\/04\/Banniere-nos-societes_Plan-de-travail-1-copie-10-scaled-1.webp\"},{\"@type\":\"BreadcrumbList\",\"@id\":\"https:\/\/www.groupebonnefon.com\/en\/contact\/#breadcrumb\",\"itemListElement\":[{\"@type\":\"ListItem\",\"position\":1,\"name\":\"Home\",\"item\":\"https:\/\/www.groupebonnefon.com\/en\/homepage\/\"},{\"@type\":\"ListItem\",\"position\":2,\"name\":\"Contact\"}]},{\"@type\":\"WebSite\",\"@id\":\"https:\/\/www.groupebonnefon.com\/en\/#website\",\"url\":\"https:\/\/www.groupebonnefon.com\/en\/\",\"name\":\"GROUPE BONNEFON\",\"description\":\"\",\"publisher\":{\"@id\":\"https:\/\/www.groupebonnefon.com\/en\/#organization\"},\"potentialAction\":[{\"@type\":\"SearchAction\",\"target\":{\"@type\":\"EntryPoint\",\"urlTemplate\":\"https:\/\/www.groupebonnefon.com\/en\/?s={search_term_string}\"},\"query-input\":\"required name=search_term_string\"}],\"inLanguage\":\"en-US\"},{\"@type\":\"Organization\",\"@id\":\"https:\/\/www.groupebonnefon.com\/en\/#organization\",\"name\":\"GROUPE BONNEFON\",\"url\":\"https:\/\/www.groupebonnefon.com\/en\/\",\"logo\":{\"@type\":\"ImageObject\",\"inLanguage\":\"en-US\",\"@id\":\"https:\/\/www.groupebonnefon.com\/en\/#\/schema\/logo\/image\/\",\"url\":\"https:\/\/www.groupebonnefon.com\/app\/uploads\/2024\/03\/Logo_GroupeSignature-Horizontal-scaled.webp\",\"contentUrl\":\"https:\/\/www.groupebonnefon.com\/app\/uploads\/2024\/03\/Logo_GroupeSignature-Horizontal-scaled.webp\",\"width\":2560,\"height\":387,\"caption\":\"GROUPE BONNEFON\"},\"image\":{\"@id\":\"https:\/\/www.groupebonnefon.com\/en\/#\/schema\/logo\/image\/\"}}]}<\/script>\n<!-- \/ Yoast SEO plugin. -->","yoast_head_json":{"title":"Contact us | GROUPE BONNEFON","description":"You can contact us on 02 40 75 63 83. GROUPE BONNEOFN, ZAC du Moulin Cass\u00e9 - 13 Rue du Moulin Cass\u00e9, 44340 Bouguenais","robots":{"index":"index","follow":"follow","max-snippet":"max-snippet:-1","max-image-preview":"max-image-preview:large","max-video-preview":"max-video-preview:-1"},"canonical":"https:\/\/www.groupebonnefon.com\/en\/contact\/","og_locale":"en_US","og_type":"article","og_title":"Contact us | GROUPE BONNEFON","og_description":"You can contact us on 02 40 75 63 83. GROUPE BONNEOFN, ZAC du Moulin Cass\u00e9 - 13 Rue du Moulin Cass\u00e9, 44340 Bouguenais","og_url":"https:\/\/www.groupebonnefon.com\/en\/contact\/","og_site_name":"GROUPE BONNEFON","article_modified_time":"2024-04-04T08:18:54+00:00","og_image":[{"url":"https:\/\/www.groupebonnefon.com\/app\/uploads\/2024\/04\/Banniere-nos-societes_Plan-de-travail-1-copie-10-scaled-1.webp"}],"twitter_card":"summary_large_image","twitter_misc":{"Est. reading time":"4 minutes"},"schema":{"@context":"https:\/\/schema.org","@graph":[{"@type":"WebPage","@id":"https:\/\/www.groupebonnefon.com\/en\/contact\/","url":"https:\/\/www.groupebonnefon.com\/en\/contact\/","name":"Contact us | GROUPE BONNEFON","isPartOf":{"@id":"https:\/\/www.groupebonnefon.com\/en\/#website"},"primaryImageOfPage":{"@id":"https:\/\/www.groupebonnefon.com\/en\/contact\/#primaryimage"},"image":{"@id":"https:\/\/www.groupebonnefon.com\/en\/contact\/#primaryimage"},"thumbnailUrl":"https:\/\/www.groupebonnefon.com\/app\/uploads\/2024\/04\/Banniere-nos-societes_Plan-de-travail-1-copie-10-scaled-1.webp","datePublished":"2024-03-06T11:26:46+00:00","dateModified":"2024-04-04T08:18:54+00:00","description":"You can contact us on 02 40 75 63 83. GROUPE BONNEOFN, ZAC du Moulin Cass\u00e9 - 13 Rue du Moulin Cass\u00e9, 44340 Bouguenais","breadcrumb":{"@id":"https:\/\/www.groupebonnefon.com\/en\/contact\/#breadcrumb"},"inLanguage":"en-US","potentialAction":[{"@type":"ReadAction","target":["https:\/\/www.groupebonnefon.com\/en\/contact\/"]}]},{"@type":"ImageObject","inLanguage":"en-US","@id":"https:\/\/www.groupebonnefon.com\/en\/contact\/#primaryimage","url":"https:\/\/www.groupebonnefon.com\/app\/uploads\/2024\/04\/Banniere-nos-societes_Plan-de-travail-1-copie-10-scaled-1.webp","contentUrl":"https:\/\/www.groupebonnefon.com\/app\/uploads\/2024\/04\/Banniere-nos-societes_Plan-de-travail-1-copie-10-scaled-1.webp"},{"@type":"BreadcrumbList","@id":"https:\/\/www.groupebonnefon.com\/en\/contact\/#breadcrumb","itemListElement":[{"@type":"ListItem","position":1,"name":"Home","item":"https:\/\/www.groupebonnefon.com\/en\/homepage\/"},{"@type":"ListItem","position":2,"name":"Contact"}]},{"@type":"WebSite","@id":"https:\/\/www.groupebonnefon.com\/en\/#website","url":"https:\/\/www.groupebonnefon.com\/en\/","name":"GROUPE BONNEFON","description":"","publisher":{"@id":"https:\/\/www.groupebonnefon.com\/en\/#organization"},"potentialAction":[{"@type":"SearchAction","target":{"@type":"EntryPoint","urlTemplate":"https:\/\/www.groupebonnefon.com\/en\/?s={search_term_string}"},"query-input":"required name=search_term_string"}],"inLanguage":"en-US"},{"@type":"Organization","@id":"https:\/\/www.groupebonnefon.com\/en\/#organization","name":"GROUPE BONNEFON","url":"https:\/\/www.groupebonnefon.com\/en\/","logo":{"@type":"ImageObject","inLanguage":"en-US","@id":"https:\/\/www.groupebonnefon.com\/en\/#\/schema\/logo\/image\/","url":"https:\/\/www.groupebonnefon.com\/app\/uploads\/2024\/03\/Logo_GroupeSignature-Horizontal-scaled.webp","contentUrl":"https:\/\/www.groupebonnefon.com\/app\/uploads\/2024\/03\/Logo_GroupeSignature-Horizontal-scaled.webp","width":2560,"height":387,"caption":"GROUPE BONNEFON"},"image":{"@id":"https:\/\/www.groupebonnefon.com\/en\/#\/schema\/logo\/image\/"}}]}},"_links":{"self":[{"href":"https:\/\/www.groupebonnefon.com\/en\/wp-json\/wp\/v2\/pages\/2158"}],"collection":[{"href":"https:\/\/www.groupebonnefon.com\/en\/wp-json\/wp\/v2\/pages"}],"about":[{"href":"https:\/\/www.groupebonnefon.com\/en\/wp-json\/wp\/v2\/types\/page"}],"author":[{"embeddable":true,"href":"https:\/\/www.groupebonnefon.com\/en\/wp-json\/wp\/v2\/users\/1"}],"replies":[{"embeddable":true,"href":"https:\/\/www.groupebonnefon.com\/en\/wp-json\/wp\/v2\/comments?post=2158"}],"version-history":[{"count":34,"href":"https:\/\/www.groupebonnefon.com\/en\/wp-json\/wp\/v2\/pages\/2158\/revisions"}],"predecessor-version":[{"id":3023,"href":"https:\/\/www.groupebonnefon.com\/en\/wp-json\/wp\/v2\/pages\/2158\/revisions\/3023"}],"wp:attachment":[{"href":"https:\/\/www.groupebonnefon.com\/en\/wp-json\/wp\/v2\/media?parent=2158"}],"curies":[{"name":"wp","href":"https:\/\/api.w.org\/{rel}","templated":true}]}}